{"id":7,"date":"2025-11-04T02:39:58","date_gmt":"2025-11-04T02:39:58","guid":{"rendered":"https:\/\/drfachetti.com.ar\/regenera\/?page_id=7"},"modified":"2025-11-05T03:16:09","modified_gmt":"2025-11-05T03:16:09","slug":"regenera","status":"publish","type":"page","link":"https:\/\/drfachetti.com.ar\/regenera\/","title":{"rendered":"Regenera"},"content":{"rendered":"<h1>El espacio de conocimiento, ciencia y formaci\u00f3n en medicina regenerativa.<\/h1>\n<h1>\n<p>En Regenera compartimos lo que m\u00e1s nos apasiona:<\/p>\n<p>el conocimiento que transforma.<\/p>\n<\/h1>\n<div>\n<p>Un espacio donde la investigaci\u00f3n, la docencia y la pr\u00e1ctica cl\u00ednica se encuentran para seguir sanando desde nuestra propia biolog\u00eda.<\/p>\n<h5>Explor\u00e1, aprend\u00e9, compart\u00ed.<\/h5>\n<\/div>\n<p><img decoding=\"async\" src=\"\/regenera\/wp-content\/uploads\/2025\/11\/Recurso-6.png\" alt=\"\"><\/p>\n<ul>\n<li>\n<p>        <img decoding=\"async\" src=\"\/regenera\/wp-content\/uploads\/2025\/11\/produccion_cientifica.jpg\" alt=\"\"><\/p>\n<h3> Producci\u00f3n cient\u00edfica<\/h3>\n<div>\n<p>Publicaciones, papers, casos cl\u00ednicos y videos desarrollados por el Dr. Fachetti y su equipo. Un espacio para conocer los avances y descubrimientos que impulsan la medicina regenerativa.<\/p>\n<\/div>\n<p><a href=\"\/regenera\/produccion-cientifica\/\">ver publicaciones<\/a><\/p>\n<\/li>\n<li>\n<p>        <img decoding=\"async\" src=\"\/regenera\/wp-content\/uploads\/2025\/11\/congreso.jpg\" alt=\"\"><\/p>\n<h3>Presencia acad\u00e9mica<\/h3>\n<div>\n<p>Congresos, jornadas, simposios y disertaciones donde el Dr. Fachetti participa activamente, compartiendo experiencias y fortaleciendo v\u00ednculos con colegas del mundo.<\/p>\n<\/div>\n<p><a href=\"\/regenera\/presencia-academica\/\">ver eventos y ponencias<\/a><\/p>\n<\/li>\n<li>\n<p>        <img decoding=\"async\" src=\"\/regenera\/wp-content\/uploads\/2025\/11\/formacion.jpg\" alt=\"\"><\/p>\n<h3>Formaci\u00f3n y actualizaci\u00f3n<\/h3>\n<div>\n<p>Aprender, ense\u00f1ar, evolucionar. Cursos, talleres y programas dise\u00f1ados para profesionales que buscan integrar la medicina biol\u00f3gica regenerativa en su pr\u00e1ctica cl\u00ednica.<\/p>\n<\/div>\n<p><a href=\"\/regenera\/formacion-y-actualizacion\/\">ver cursos y capacitaciones<\/a><\/p>\n<\/li>\n<\/ul>\n<div>\n<h4>Regenera tu conocimiento.<\/h4>\n<h5>Porque comprender la biolog\u00eda es tambi\u00e9n una forma de sanar<\/h5>\n<\/div>\n<p><img decoding=\"async\" src=\"\/regenera\/wp-content\/uploads\/2025\/11\/panal01.png\" alt=\"\"><\/p>\n<p><!--more--><br \/>\n<!-- {\"type\":\"layout\",\"children\":[{\"type\":\"section\",\"props\":{\"height\":\"pixels\",\"height_viewport\":300,\"image_position\":\"center-center\",\"image_size\":\"cover\",\"style\":\"primary\",\"title_breakpoint\":\"xl\",\"title_position\":\"top-left\",\"title_rotation\":\"left\",\"vertical_align\":\"middle\",\"width\":\"default\"},\"children\":[{\"type\":\"row\",\"children\":[{\"type\":\"column\",\"props\":{\"image_position\":\"center-center\",\"position_sticky_breakpoint\":\"m\"},\"children\":[{\"type\":\"headline\",\"props\":{\"content\":\"El espacio de conocimiento, ciencia y formaci\\u00f3n en medicina regenerativa.\",\"title_element\":\"h1\"}}]}]}]},{\"type\":\"section\",\"props\":{\"height\":\"pixels\",\"height_viewport\":10,\"image\":\"wp-content\\\/uploads\\\/2025\\\/11\\\/raya01.svg\",\"image_position\":\"center-center\",\"image_size\":\"cover\",\"padding_remove_bottom\":true,\"padding_remove_top\":true,\"style\":\"default\",\"title_breakpoint\":\"xl\",\"title_position\":\"top-left\",\"title_rotation\":\"left\",\"vertical_align\":\"middle\",\"width\":\"default\"},\"children\":[{\"type\":\"row\",\"children\":[{\"type\":\"column\",\"props\":{\"image_position\":\"center-center\",\"position_sticky_breakpoint\":\"m\"}}]}]},{\"type\":\"section\",\"props\":{\"image_position\":\"center-center\",\"style\":\"default\",\"title_breakpoint\":\"xl\",\"title_position\":\"top-left\",\"title_rotation\":\"left\",\"vertical_align\":\"middle\",\"width\":\"default\"},\"children\":[{\"type\":\"row\",\"children\":[{\"type\":\"column\",\"props\":{\"image_position\":\"center-center\",\"position_sticky_breakpoint\":\"m\",\"width_medium\":\"2-3\"},\"children\":[{\"type\":\"headline\",\"props\":{\"content\":\"\n\n<p>En Regenera compartimos lo que m\\u00e1s nos apasiona:<\\\/p>\\n\n\n<p>el conocimiento que transforma.<\\\/p>\",\"title_element\":\"h1\",\"title_style\":\"h4\"}},{\"type\":\"text\",\"props\":{\"column_breakpoint\":\"m\",\"content\":\"\n\n<p>Un espacio donde la investigaci\\u00f3n, la docencia y la pr\\u00e1ctica cl\\u00ednica se encuentran para seguir sanando desde nuestra propia biolog\\u00eda.<\\\/p>\\n\n\n<h5>Explor\\u00e1, aprend\\u00e9, compart\\u00ed.<\\\/h5>\",\"margin\":\"default\"}}]},{\"type\":\"column\",\"props\":{\"image_position\":\"center-center\",\"position_sticky_breakpoint\":\"m\",\"width_medium\":\"1-3\"},\"children\":[{\"type\":\"image\",\"props\":{\"image\":\"wp-content\\\/uploads\\\/2025\\\/11\\\/Recurso-6.png\",\"image_svg_color\":\"emphasis\",\"margin\":\"default\",\"text_align\":\"center\"}}]}],\"props\":{\"layout\":\"2-3,1-3\"}}]},{\"type\":\"section\",\"props\":{\"image_position\":\"center-center\",\"style\":\"muted\",\"title_breakpoint\":\"xl\",\"title_position\":\"top-left\",\"title_rotation\":\"left\",\"vertical_align\":\"middle\",\"width\":\"default\"},\"children\":[{\"type\":\"row\",\"children\":[{\"type\":\"column\",\"props\":{\"image_position\":\"center-center\",\"position_sticky_breakpoint\":\"m\"},\"children\":[{\"type\":\"grid\",\"props\":{\"content_column_breakpoint\":\"m\",\"filter_align\":\"left\",\"filter_all\":true,\"filter_grid_breakpoint\":\"m\",\"filter_grid_width\":\"auto\",\"filter_position\":\"top\",\"filter_style\":\"tab\",\"grid_default\":\"1\",\"grid_medium\":\"3\",\"icon_width\":80,\"image_align\":\"top\",\"image_border\":\"rounded\",\"image_grid_breakpoint\":\"m\",\"image_grid_width\":\"1-2\",\"image_height\":600,\"image_svg_color\":\"emphasis\",\"image_width\":800,\"item_animation\":true,\"lightbox_bg_close\":true,\"link_style\":\"default\",\"link_text\":\"Read more\",\"margin\":\"default\",\"meta_align\":\"below-title\",\"meta_element\":\"div\",\"meta_style\":\"text-meta\",\"show_content\":true,\"show_hover_image\":true,\"show_hover_video\":true,\"show_image\":true,\"show_link\":true,\"show_meta\":true,\"show_title\":true,\"show_video\":true,\"title_align\":\"top\",\"title_element\":\"h3\",\"title_grid_breakpoint\":\"m\",\"title_grid_width\":\"1-2\",\"title_hover_style\":\"reset\"},\"children\":[{\"type\":\"grid_item\",\"props\":{\"content\":\"\n\n<p>Publicaciones, papers, casos cl\\u00ednicos y videos desarrollados por el Dr. Fachetti y su equipo. Un espacio para conocer los avances y descubrimientos que impulsan la medicina regenerativa.<\\\/p>\",\"image\":\"wp-content\\\/uploads\\\/2025\\\/11\\\/produccion_cientifica.jpg\",\"link\":\"produccion-cientifica\\\/\",\"link_text\":\"ver publicaciones\",\"title\":\" Producci\\u00f3n cient\\u00edfica\"}},{\"type\":\"grid_item\",\"props\":{\"content\":\"\n\n<p>Congresos, jornadas, simposios y disertaciones donde el Dr. Fachetti participa activamente, compartiendo experiencias y fortaleciendo v\\u00ednculos con colegas del mundo.<\\\/p>\",\"image\":\"wp-content\\\/uploads\\\/2025\\\/11\\\/congreso.jpg\",\"link\":\"presencia-academica\\\/\",\"link_text\":\"ver eventos y ponencias\",\"title\":\"Presencia acad\\u00e9mica\"}},{\"type\":\"grid_item\",\"props\":{\"content\":\"\n\n<p>Aprender, ense\\u00f1ar, evolucionar. Cursos, talleres y programas dise\\u00f1ados para profesionales que buscan integrar la medicina biol\\u00f3gica regenerativa en su pr\\u00e1ctica cl\\u00ednica.<\\\/p>\",\"image\":\"wp-content\\\/uploads\\\/2025\\\/11\\\/formacion.jpg\",\"link\":\"formacion-y-actualizacion\\\/\",\"link_text\":\"ver cursos y capacitaciones\",\"title\":\"Formaci\\u00f3n y actualizaci\\u00f3n\"}}]}]}]}]},{\"type\":\"section\",\"props\":{\"image_position\":\"center-center\",\"style\":\"default\",\"title_breakpoint\":\"xl\",\"title_position\":\"top-left\",\"title_rotation\":\"left\",\"vertical_align\":\"middle\",\"width\":\"default\"},\"children\":[{\"type\":\"row\",\"children\":[{\"type\":\"column\",\"props\":{\"image_position\":\"center-center\",\"position_sticky_breakpoint\":\"m\",\"width_medium\":\"2-3\"},\"children\":[{\"type\":\"text\",\"props\":{\"column_breakpoint\":\"m\",\"content\":\"\n\n<h4>Regenera tu conocimiento.<\\\/h4>\\n\n\n<h5>Porque comprender la biolog\\u00eda es tambi\\u00e9n una forma de sanar<\\\/h5>\",\"margin\":\"default\"}}]},{\"type\":\"column\",\"props\":{\"image_position\":\"center-center\",\"position_sticky_breakpoint\":\"m\",\"width_medium\":\"1-3\"},\"children\":[{\"type\":\"image\",\"props\":{\"image\":\"wp-content\\\/uploads\\\/2025\\\/11\\\/panal01.png\",\"image_svg_color\":\"emphasis\",\"margin\":\"default\"}}]}],\"props\":{\"layout\":\"2-3,1-3\"}}]}],\"version\":\"4.5.15\"} --><\/p>\n","protected":false},"excerpt":{"rendered":"<p>El espacio de conocimiento, ciencia y formaci\u00f3n en medicina regenerativa. En Regenera compartimos lo que m\u00e1s nos apasiona: el conocimiento que transforma. Un espacio donde la investigaci\u00f3n, la docencia y la pr\u00e1ctica cl\u00ednica se encuentran para seguir sanando desde nuestra propia biolog\u00eda. Explor\u00e1, aprend\u00e9, compart\u00ed. Producci\u00f3n cient\u00edfica Publicaciones, papers, casos cl\u00ednicos y videos desarrollados por [&hellip;]<\/p>\n","protected":false},"author":2,"featured_media":0,"parent":0,"menu_order":0,"comment_status":"closed","ping_status":"closed","template":"","meta":{"footnotes":""},"class_list":["post-7","page","type-page","status-publish","hentry"],"_links":{"self":[{"href":"https:\/\/drfachetti.com.ar\/regenera\/wp-json\/wp\/v2\/pages\/7","targetHints":{"allow":["GET"]}}],"collection":[{"href":"https:\/\/drfachetti.com.ar\/regenera\/wp-json\/wp\/v2\/pages"}],"about":[{"href":"https:\/\/drfachetti.com.ar\/regenera\/wp-json\/wp\/v2\/types\/page"}],"author":[{"embeddable":true,"href":"https:\/\/drfachetti.com.ar\/regenera\/wp-json\/wp\/v2\/users\/2"}],"replies":[{"embeddable":true,"href":"https:\/\/drfachetti.com.ar\/regenera\/wp-json\/wp\/v2\/comments?post=7"}],"version-history":[{"count":31,"href":"https:\/\/drfachetti.com.ar\/regenera\/wp-json\/wp\/v2\/pages\/7\/revisions"}],"predecessor-version":[{"id":111,"href":"https:\/\/drfachetti.com.ar\/regenera\/wp-json\/wp\/v2\/pages\/7\/revisions\/111"}],"wp:attachment":[{"href":"https:\/\/drfachetti.com.ar\/regenera\/wp-json\/wp\/v2\/media?parent=7"}],"curies":[{"name":"wp","href":"https:\/\/api.w.org\/{rel}","templated":true}]}}