{"id":53,"date":"2025-11-04T13:16:56","date_gmt":"2025-11-04T13:16:56","guid":{"rendered":"https:\/\/drfachetti.com.ar\/regenera\/?page_id=53"},"modified":"2025-11-05T13:52:15","modified_gmt":"2025-11-05T13:52:15","slug":"formacion-y-actualizacion","status":"publish","type":"page","link":"https:\/\/drfachetti.com.ar\/regenera\/formacion-y-actualizacion\/","title":{"rendered":"Formaci\u00f3n y actualizaci\u00f3n"},"content":{"rendered":"<div>\n<h1 class=\"uk-h4\" data-id=\"page#1-0-0-0\" data-element=\"\">Aprender, ense\u00f1ar, evolucionar. Cursos, talleres y programas dise\u00f1ados para profesionales que buscan integrar la medicina biol\u00f3gica regenerativa en su pr\u00e1ctica cl\u00ednica.<\/h1>\n<\/div>\n<div>\n<\/div>\n<p><!--more--><br \/>\n<!-- {\"type\":\"layout\",\"children\":[{\"type\":\"section\",\"props\":{\"css\":\".el-section .background-image{\\nfilter:grayscale(100%)\\n}\",\"height\":\"pixels\",\"height_viewport\":400,\"image\":\"wp-content\\\/uploads\\\/2025\\\/11\\\/header-formacion.jpg\",\"image_position\":\"center-center\",\"image_size\":\"cover\",\"media_blend_mode\":\"screen\",\"style\":\"primary\",\"title_breakpoint\":\"xl\",\"title_position\":\"top-left\",\"title_rotation\":\"left\",\"vertical_align\":\"middle\",\"width\":\"default\"},\"children\":[{\"type\":\"row\",\"children\":[{\"type\":\"column\",\"props\":{\"image_position\":\"center-center\",\"position_sticky_breakpoint\":\"m\"},\"children\":[{\"type\":\"headline\",\"props\":{\"title_element\":\"h1\"},\"source\":{\"query\":{\"name\":\"categories.customCategory\",\"arguments\":{\"id\":5}},\"props\":{\"content\":{\"name\":\"name\"}}}}]}]}]},{\"type\":\"section\",\"props\":{\"image_position\":\"center-center\",\"style\":\"default\",\"title_breakpoint\":\"xl\",\"title_position\":\"top-left\",\"title_rotation\":\"left\",\"vertical_align\":\"middle\",\"width\":\"default\"},\"children\":[{\"type\":\"row\",\"children\":[{\"type\":\"column\",\"props\":{\"image_position\":\"center-center\",\"position_sticky_breakpoint\":\"m\"},\"children\":[{\"type\":\"text\",\"props\":{\"column_breakpoint\":\"m\",\"content\":\"\n\n<h1 class=\\\"uk-h4\\\" data-id=\\\"page#1-0-0-0\\\" data-element=\\\"\\\">Aprender, ense\\u00f1ar, evolucionar. Cursos, talleres y programas dise\\u00f1ados para profesionales que buscan integrar la medicina biol\\u00f3gica regenerativa en su pr\\u00e1ctica cl\\u00ednica.<\\\/h1>\",\"margin\":\"default\"}},{\"type\":\"grid\",\"props\":{\"content_column_breakpoint\":\"m\",\"filter_align\":\"left\",\"filter_all\":true,\"filter_grid_breakpoint\":\"m\",\"filter_grid_width\":\"auto\",\"filter_position\":\"top\",\"filter_style\":\"tab\",\"grid_default\":\"1\",\"grid_medium\":\"2\",\"icon_width\":80,\"image_align\":\"top\",\"image_border\":\"rounded\",\"image_grid_breakpoint\":\"m\",\"image_grid_width\":\"1-2\",\"image_height\":600,\"image_svg_color\":\"emphasis\",\"image_width\":800,\"item_animation\":true,\"lightbox_bg_close\":true,\"link_style\":\"default\",\"link_text\":\"ver art\\u00edculo\",\"margin\":\"default\",\"meta_align\":\"below-title\",\"meta_element\":\"div\",\"meta_style\":\"text-meta\",\"panel_link\":true,\"show_content\":true,\"show_hover_image\":true,\"show_hover_video\":true,\"show_image\":true,\"show_link\":true,\"show_meta\":true,\"show_title\":true,\"show_video\":true,\"title_align\":\"top\",\"title_element\":\"h3\",\"title_grid_breakpoint\":\"m\",\"title_grid_width\":\"1-2\",\"title_hover_style\":\"reset\"},\"children\":[{\"type\":\"grid_item\",\"source\":{\"query\":{\"name\":\"posts.customPosts\",\"arguments\":{\"terms\":[5],\"category_operator\":\"IN\",\"post_tag_operator\":\"IN\",\"users\":[],\"users_operator\":\"IN\",\"offset\":0,\"limit\":10,\"order\":\"date\",\"order_direction\":\"DESC\"}},\"props\":{\"content\":{\"name\":\"excerpt\"},\"title\":{\"name\":\"title\"},\"image\":{\"name\":\"featuredImage.url\"},\"link\":{\"name\":\"post_name\"}}}}]}]}]}]}],\"version\":\"4.5.15\"} --><\/p>\n","protected":false},"excerpt":{"rendered":"<p>Aprender, ense\u00f1ar, evolucionar. Cursos, talleres y programas dise\u00f1ados para profesionales que buscan integrar la medicina biol\u00f3gica regenerativa en su pr\u00e1ctica cl\u00ednica.<\/p>\n","protected":false},"author":2,"featured_media":0,"parent":0,"menu_order":0,"comment_status":"closed","ping_status":"closed","template":"","meta":{"footnotes":""},"class_list":["post-53","page","type-page","status-publish","hentry"],"_links":{"self":[{"href":"https:\/\/drfachetti.com.ar\/regenera\/wp-json\/wp\/v2\/pages\/53","targetHints":{"allow":["GET"]}}],"collection":[{"href":"https:\/\/drfachetti.com.ar\/regenera\/wp-json\/wp\/v2\/pages"}],"about":[{"href":"https:\/\/drfachetti.com.ar\/regenera\/wp-json\/wp\/v2\/types\/page"}],"author":[{"embeddable":true,"href":"https:\/\/drfachetti.com.ar\/regenera\/wp-json\/wp\/v2\/users\/2"}],"replies":[{"embeddable":true,"href":"https:\/\/drfachetti.com.ar\/regenera\/wp-json\/wp\/v2\/comments?post=53"}],"version-history":[{"count":15,"href":"https:\/\/drfachetti.com.ar\/regenera\/wp-json\/wp\/v2\/pages\/53\/revisions"}],"predecessor-version":[{"id":130,"href":"https:\/\/drfachetti.com.ar\/regenera\/wp-json\/wp\/v2\/pages\/53\/revisions\/130"}],"wp:attachment":[{"href":"https:\/\/drfachetti.com.ar\/regenera\/wp-json\/wp\/v2\/media?parent=53"}],"curies":[{"name":"wp","href":"https:\/\/api.w.org\/{rel}","templated":true}]}}